{"id":1102,"date":"2021-09-23T12:51:56","date_gmt":"2021-09-23T12:51:56","guid":{"rendered":"https:\/\/www.mwv-berlin.de\/planetary-health\/?page_id=1102"},"modified":"2021-09-23T12:51:56","modified_gmt":"2021-09-23T12:51:56","slug":"einfuehrung-planetary-health","status":"publish","type":"page","link":"https:\/\/www.mwv-landingpages.de\/planetary-health\/einfuehrung-planetary-health\/","title":{"rendered":"Einf\u00fchrung Planetary Health"},"content":{"rendered":"<div id='full_slider_1'  class='avia-fullwidth-slider main_color avia-shadow   avia-builder-el-0  el_before_av_one_full  avia-builder-el-first   avia-full-stretch container_wrap sidebar_right' style='background-repeat: no-repeat; background-image: url(https:\/\/www.mwv-landingpages.de\/planetary-health\/wp-content\/uploads\/sites\/13\/2021\/09\/bg_header-1500x630-1.jpg); background-attachment: scroll; background-position: top left;'  >\n<style type=\"text\/css\" data-created_by=\"avia_inline_auto\" id=\"style-css-av-4qos9q-ed571b09ba1b315d7026d891d86d0614\">\n#top #wrap_all .avia-slideshow .av-slideshow-caption.av-4qos9q-ed571b09ba1b315d7026d891d86d0614__0 .avia-caption-title{\nfont-size:110px;\ncolor:#ffffff;\n}\n#top .avia-slideshow .av-slideshow-caption.av-4qos9q-ed571b09ba1b315d7026d891d86d0614__0 .avia-caption-content{\nfont-size:50px;\ncolor:#ffffff;\n}\n#top .avia-slideshow .av-slideshow-caption.av-4qos9q-ed571b09ba1b315d7026d891d86d0614__0 .avia-caption-content p{\nfont-size:50px;\n}\n<\/style>\n<div  class='avia-slideshow av-4qos9q-ed571b09ba1b315d7026d891d86d0614 avia-slideshow-featured_large av_slideshow_full avia-slide-slider av-slideshow-ui av-control-hidden av-no-slider-navigation av-hide-nav-arrows av-slideshow-manual av-loop-once av-loop-manual-endless av-default-height-applied   avia-slideshow-1' data-slideshow-options=\"{&quot;animation&quot;:&quot;slide&quot;,&quot;autoplay&quot;:false,&quot;loop_autoplay&quot;:&quot;once&quot;,&quot;interval&quot;:5,&quot;loop_manual&quot;:&quot;manual-endless&quot;,&quot;autoplay_stopper&quot;:false,&quot;noNavigation&quot;:true,&quot;bg_slider&quot;:false,&quot;keep_padding&quot;:false,&quot;hoverpause&quot;:false,&quot;show_slide_delay&quot;:0}\"  itemprop=\"image\" itemscope=\"itemscope\" itemtype=\"https:\/\/schema.org\/ImageObject\" ><ul class='avia-slideshow-inner ' style='padding-bottom: 42%;'><li  class='avia-slideshow-slide av-4qos9q-ed571b09ba1b315d7026d891d86d0614__0  av-single-slide slide-1 slide-odd'><div data-rel='slideshow-1' class='avia-slide-wrap '   ><div class='av-slideshow-caption av-4qos9q-ed571b09ba1b315d7026d891d86d0614__0 caption_fullwidth caption_right'><div class=\"container caption_container\"><div class=\"slideshow_caption\"><div class=\"slideshow_inner_caption\"><div class=\"slideshow_align_caption\"><h2 class='avia-caption-title '  itemprop=\"name\" >Planetary<br \/>\nHealth<\/h2><div class='avia-caption-content av_inherit_color'  itemprop=\"description\" ><p>Klima, Umwelt und<br \/>\nGesundheit<br \/>\nim Anthropoz\u00e4n<\/p>\n<\/div><\/div><\/div><\/div><\/div><\/div><img decoding=\"async\" fetchpriority=\"high\" class=\"wp-image-1098 avia-img-lazy-loading-not-1098\"  src=\"https:\/\/www.mwv-landingpages.de\/planetary-health\/wp-content\/uploads\/sites\/13\/2021\/09\/planhealth-header-start_1500x630-1500x630.jpg\" width=\"1500\" height=\"630\" title='planhealth-header-start_1500x630' alt=''  itemprop=\"thumbnailUrl\" srcset=\"https:\/\/www.mwv-landingpages.de\/planetary-health\/wp-content\/uploads\/sites\/13\/2021\/09\/planhealth-header-start_1500x630.jpg 1500w, https:\/\/www.mwv-landingpages.de\/planetary-health\/wp-content\/uploads\/sites\/13\/2021\/09\/planhealth-header-start_1500x630-300x126.jpg 300w, https:\/\/www.mwv-landingpages.de\/planetary-health\/wp-content\/uploads\/sites\/13\/2021\/09\/planhealth-header-start_1500x630-1030x433.jpg 1030w, https:\/\/www.mwv-landingpages.de\/planetary-health\/wp-content\/uploads\/sites\/13\/2021\/09\/planhealth-header-start_1500x630-768x323.jpg 768w, https:\/\/www.mwv-landingpages.de\/planetary-health\/wp-content\/uploads\/sites\/13\/2021\/09\/planhealth-header-start_1500x630-705x296.jpg 705w\" sizes=\"(max-width: 1500px) 100vw, 1500px\" \/><\/div><\/li><\/ul><\/div><\/div><div id='after_full_slider_1'  class='main_color av_default_container_wrap container_wrap sidebar_right'  ><div class='container av-section-cont-open' ><div class='template-page content  av-content-small alpha units'><div class='post-entry post-entry-type-page post-entry-1102'><div class='entry-content-wrapper clearfix'>\n\n<style type=\"text\/css\" data-created_by=\"avia_inline_auto\" id=\"style-css-av-5p250u-d0aacf33ebb8102f394f07e07b1f215e\">\n#top .flex_column.av-5p250u-d0aacf33ebb8102f394f07e07b1f215e{\nmargin-top:50px;\nmargin-bottom:40px;\n}\n.responsive #top #wrap_all .flex_column.av-5p250u-d0aacf33ebb8102f394f07e07b1f215e{\nmargin-top:50px;\nmargin-bottom:40px;\n}\n<\/style>\n<div  id=\"thema\"  class='flex_column av-5p250u-d0aacf33ebb8102f394f07e07b1f215e av_one_full  avia-builder-el-1  el_after_av_slideshow_full  el_before_av_one_fifth  avia-builder-el-first  first no_margin flex_column_div  '     ><section  class='av_textblock_section av-4g5ev2-6f79d42c8c37b1b474dd2f10eb7b19a7 '   itemscope=\"itemscope\" itemtype=\"https:\/\/schema.org\/CreativeWork\" ><div class='avia_textblock'  itemprop=\"text\" ><h1><strong>Einf\u00fchrung Planetary Health<\/strong><\/h1>\n<\/div><\/section><\/div>\n<style type=\"text\/css\" data-created_by=\"avia_inline_auto\" id=\"style-css-av-1xbqj2-fecec9713e5d591e39e865016a2fef57\">\n#top .flex_column.av-1xbqj2-fecec9713e5d591e39e865016a2fef57{\nmargin-top:0px;\nmargin-bottom:50px;\n}\n.responsive #top #wrap_all .flex_column.av-1xbqj2-fecec9713e5d591e39e865016a2fef57{\nmargin-top:0px;\nmargin-bottom:50px;\n}\n<\/style>\n<div  class='flex_column av-1xbqj2-fecec9713e5d591e39e865016a2fef57 av_one_fifth  avia-builder-el-3  el_after_av_one_full  el_before_av_four_fifth  first flex_column_div  column-top-margin'     ><\/div><\/p>\n\n<style type=\"text\/css\" data-created_by=\"avia_inline_auto\" id=\"style-css-av-av_four_fifth-337486787960716147ecfb4074cb91c6\">\n#top .flex_column.av-av_four_fifth-337486787960716147ecfb4074cb91c6{\nmargin-top:0px;\nmargin-bottom:50px;\n}\n.responsive #top #wrap_all .flex_column.av-av_four_fifth-337486787960716147ecfb4074cb91c6{\nmargin-top:0px;\nmargin-bottom:50px;\n}\n<\/style>\n<div  class='flex_column av-av_four_fifth-337486787960716147ecfb4074cb91c6 av_four_fifth  avia-builder-el-4  el_after_av_one_fifth  avia-builder-el-last  flex_column_div  column-top-margin'     ><section  class='av_textblock_section av-ktycvvxg-7f37af148c3f791b7ea8a8cdea593bdf '   itemscope=\"itemscope\" itemtype=\"https:\/\/schema.org\/CreativeWork\" ><div class='avia_textblock'  itemprop=\"text\" ><p>Liebe Leserinnen, liebe Leser,<\/p>\n<p>zu Beginn hatte dieses Buchprojekt den Arbeitstitel Klimawandel und Gesundheit. W\u00e4hrend der Entstehung wurde schnell klar, dass auch das Artensterben, unsere raumgreifende Lebensweise sowie die Verschmutzung von Land, Wasser und Luft die Krankheitslast erh\u00f6hen. Das Bild, das es zu zeichnen galt, wurde dadurch komplexer, gr\u00f6\u00dfer und die Inhalte verflochtener, die Aussagen noch politischer.<\/p>\n<p>Die Ursache f\u00fcr die Ver\u00e4nderung der \u00d6kosysteme ist unsere Lebens- und Wirtschaftsweise. Sie f\u00fchrt dazu, dass planetare Grenzen \u00fcberschritten werden und wir uns zunehmend unserer Lebensgrundlagen berauben. All das ist anthropogen, also menschengemacht und hat nicht nur Auswirkungen auf wenige Generationen, sondern wird viele Jahrtausende weiterwirken. Die Auswirkungen sind so tiefgreifend, dass sie wesentlich Einfluss nehmen auf die Geschicke des Planeten Erde. Daher leben wir in einem neuen Zeitalter: dem Anthropoz\u00e4n.<\/p>\n<p>In erdgeschichtlichen Dimensionen stellt diese \u00dcberschreitung planetarer Grenzen einen medizinischen Notfall dar, der sofortiges Handeln erfordert. Noch niemals hat in so kurzer Zeit eine so schnelle Ver\u00e4nderung wichtiger planetarer Vitalparameter wie des atmosph\u00e4rischen CO2 stattgefunden. Wenn wir unsere Haltung und unser Verhalten, einschlie\u00dflich unsere Wirtschaftsweise, nicht \u00e4ndern, \u00fcbergeben wir den folgenden Generationen eine zunehmend unbewohnbare Erde und vieles von dem, was der medizinische Fortschritt bisher erreicht hat, steht wieder infrage.<\/p>\n<p>Um ein grundlegendes Verst\u00e4ndnis der \u00d6kosysteme und der schon eingetretenen Ver\u00e4nderungen zu erm\u00f6glichen, beginnen wir das Buch mit dem Konzept Planetary Health. Es beschreibt wie \u00d6kosysteme miteinander interagieren und wie die Gesundheit der Menschen von der Gesundheit der \u00d6kosysteme abh\u00e4ngt. Weil Planetary Health noch eine junge Disziplin ist, war es f\u00fcr uns eine umso spannendere Herausforderung, die Bewertungen der gesundheitlichen Auswirkungen beeintr\u00e4chtigter \u00d6kosysteme f\u00fcr die Fachgebiete der jeweiligen Autor:innen schl\u00fcssig zusammenzuf\u00fchren. F\u00fcr einige Fachgebiete sind die Auswirkungen gut untersucht, gro\u00df und unmittelbar, f\u00fcr andere sind die Auswirkungen schl\u00fcssig darzulegen, aber oft mittelbar und daher weniger klar belegt. F\u00fcr alle Fachgebiete gilt: die Auswirkungen sind vorhanden.<\/p>\n<p>Das Verst\u00e4ndnis f\u00fcr die Arbeit im Gesundheitssektor ver\u00e4ndert sich dadurch gerade grundlegend. Im Juli 2021 wurden wir \u00fcberrascht durch die Flutkatastrophe in Rheinland-Pfalz und Nordrhein-Westfalen, wir erleben eine gro\u00dfe Pandemie, wir registrieren Hitzewellen mit tausenden Toten und noch mehr Hitzekranken, Krankheitserreger, die in unseren Breiten noch nicht gesehen wurden, eine rasant steigende Zahl von Allergien und Atemwegserkrankungen durch verl\u00e4ngerten Pollenflug und Luftverschmutzung, krankhafte Fettleibigkeit, Mangel- und Fehlern\u00e4hrung.<\/p>\n<p>Aus all dem ergibt sich, dass die Individualmedizin zwar unbestritten gro\u00dfartige Erfolge hatte, aber durch eine sich immer weiter ausdifferenzierende Spezialisierung kaum mehr in der Lage ist, einen Schritt zur\u00fcck zu gehen, um den Blick auf das gro\u00dfe Ganze zu richten. Wir sind an einem Punkt angelangt, an dem uns eine noch so perfektionierte individuelle Medizin allein nicht den Weg aus der Gesundheitskrise weisen wird. Wir werben daher mit diesem Buch f\u00fcr eine \u00d6ffnung der klassischen Medizin hin zu einer eher holistischen und pr\u00e4ventiven Herangehensweise, im Sinne von Planetary Health.<\/p>\n<p>Planetary Health ist dabei immer auch die Aufforderung, interdisziplin\u00e4r und \u00fcber Sektoren hinweg nach Erkl\u00e4rung und L\u00f6sungen zu suchen. Damit Handeln stattfindet, zeigen wir nicht nur, an welchen Stellen die einzelnen Fachgebiete bereits mit einem sich ver\u00e4ndernden Krankheitsspektrum konfrontiert sind. Wir schlagen auch eine Erweiterung des Ethikbegriffs vor und zeigen, wie man mutig handeln kann. Es geht in den kommenden Jahren um die einmalige Gelegenheit, die Weichen neu zu stellen, um die schlimmsten Auswirkungen der planetaren Krisen abzumildern und wichtige Zeit zu gewinnen f\u00fcr die notwendigen Anpassungen.<\/p>\n<h4>Ihre Claudia Traidl-Hoffmann, Christian Schulz, Martin Herrmann und Babette Simon<\/h4>\n<h4>August 2021<\/h4>\n<\/div><\/section><\/div>\n","protected":false},"excerpt":{"rendered":"","protected":false},"author":3,"featured_media":0,"parent":0,"menu_order":0,"comment_status":"closed","ping_status":"closed","template":"","meta":{"inline_featured_image":false,"footnotes":""},"class_list":["post-1102","page","type-page","status-publish","hentry"],"aioseo_notices":[],"_links":{"self":[{"href":"https:\/\/www.mwv-landingpages.de\/planetary-health\/wp-json\/wp\/v2\/pages\/1102","targetHints":{"allow":["GET"]}}],"collection":[{"href":"https:\/\/www.mwv-landingpages.de\/planetary-health\/wp-json\/wp\/v2\/pages"}],"about":[{"href":"https:\/\/www.mwv-landingpages.de\/planetary-health\/wp-json\/wp\/v2\/types\/page"}],"author":[{"embeddable":true,"href":"https:\/\/www.mwv-landingpages.de\/planetary-health\/wp-json\/wp\/v2\/users\/3"}],"replies":[{"embeddable":true,"href":"https:\/\/www.mwv-landingpages.de\/planetary-health\/wp-json\/wp\/v2\/comments?post=1102"}],"version-history":[{"count":0,"href":"https:\/\/www.mwv-landingpages.de\/planetary-health\/wp-json\/wp\/v2\/pages\/1102\/revisions"}],"wp:attachment":[{"href":"https:\/\/www.mwv-landingpages.de\/planetary-health\/wp-json\/wp\/v2\/media?parent=1102"}],"curies":[{"name":"wp","href":"https:\/\/api.w.org\/{rel}","templated":true}]}}