{"id":1084,"date":"2021-09-23T11:55:43","date_gmt":"2021-09-23T11:55:43","guid":{"rendered":"https:\/\/www.mwv-berlin.de\/planetary-health\/?page_id=1084"},"modified":"2022-12-08T13:46:50","modified_gmt":"2022-12-08T12:46:50","slug":"impressum","status":"publish","type":"page","link":"https:\/\/www.mwv-landingpages.de\/planetary-health\/impressum\/","title":{"rendered":"Impressum"},"content":{"rendered":"\n<style type=\"text\/css\" data-created_by=\"avia_inline_auto\" id=\"style-css-av-8qoomk-b036d044ed81bffe34360b9d463e92d1\">\n#top .flex_column.av-8qoomk-b036d044ed81bffe34360b9d463e92d1{\nmargin-top:50px;\nmargin-bottom:40px;\n}\n.responsive #top #wrap_all .flex_column.av-8qoomk-b036d044ed81bffe34360b9d463e92d1{\nmargin-top:50px;\nmargin-bottom:40px;\n}\n<\/style>\n<div  id=\"thema\"  class='flex_column av-8qoomk-b036d044ed81bffe34360b9d463e92d1 av_one_full  avia-builder-el-0  el_before_av_one_fifth  avia-builder-el-first  first no_margin flex_column_div  '     ><section  class='av_textblock_section av-7p2qcc-6b52d39d16440bb36a78f04f6671a4b3 '   itemscope=\"itemscope\" itemtype=\"https:\/\/schema.org\/CreativeWork\" ><div class='avia_textblock'  itemprop=\"text\" ><h1><strong>Impressum<\/strong><\/h1>\n<\/div><\/section><\/div>\n\n<style type=\"text\/css\" data-created_by=\"avia_inline_auto\" id=\"style-css-av-5elrmk-621bbeccf117922185e5f3a401bc0408\">\n#top .flex_column.av-5elrmk-621bbeccf117922185e5f3a401bc0408{\nmargin-top:0px;\nmargin-bottom:50px;\n}\n.responsive #top #wrap_all .flex_column.av-5elrmk-621bbeccf117922185e5f3a401bc0408{\nmargin-top:0px;\nmargin-bottom:50px;\n}\n<\/style>\n<div  class='flex_column av-5elrmk-621bbeccf117922185e5f3a401bc0408 av_one_fifth  avia-builder-el-2  el_after_av_one_full  el_before_av_four_fifth  first flex_column_div  column-top-margin'     ><\/div>\n\n<style type=\"text\/css\" data-created_by=\"avia_inline_auto\" id=\"style-css-av-49l7rg-ee5e0ec2d43e379a5f2d49402465a4aa\">\n#top .flex_column.av-49l7rg-ee5e0ec2d43e379a5f2d49402465a4aa{\nmargin-top:0px;\nmargin-bottom:50px;\n}\n.responsive #top #wrap_all .flex_column.av-49l7rg-ee5e0ec2d43e379a5f2d49402465a4aa{\nmargin-top:0px;\nmargin-bottom:50px;\n}\n<\/style>\n<div  class='flex_column av-49l7rg-ee5e0ec2d43e379a5f2d49402465a4aa av_four_fifth  avia-builder-el-3  el_after_av_one_fifth  el_before_av_section  avia-builder-el-last  flex_column_div  column-top-margin'     ><section  class='av_textblock_section av-2z6ovg-d6a99f3a11a11d6d8305257ded508d9c '   itemscope=\"itemscope\" itemtype=\"https:\/\/schema.org\/CreativeWork\" ><div class='avia_textblock'  itemprop=\"text\" ><div class=\"content\">\n<h4>Copyright<\/h4>\n<p>MWV Medizinisch Wissenschaftliche Verlagsgesellschaft mbH &amp; Co. KG<\/p>\n<h4>Inhaltlich verantwortlich<\/h4>\n<p>Dr. Thomas Hopfe<br \/>\nVerleger und gesch\u00e4ftsf\u00fchrender Gesellschafter<\/p>\n<p>MWV Medizinisch Wissenschaftliche Verlagsgesellschaft mbH &amp; Co. KG<br \/>\nUnterbaumstr. 4<br \/>\n10117 Berlin<\/p>\n<p>Tel. +49 (0)30 \/ 20642825<br \/>\nFax +49 (0)30 \/ 20642828<\/p>\n<p><a href=\"mailto:info@mwv-berlin.de\">info@mwv-berlin.de<\/a><br \/>\n<a href=\"http:\/\/www.mwv-berlin.de\" target=\"_blank\" rel=\"noopener\">www.mwv-berlin.de<\/a><\/p>\n<p>Amtsgericht Charlottenburg HRA\u00a0 40712 B<br \/>\nPers\u00f6nlich haftende Gesellschafterin: MWV Verwaltungs GmbH<br \/>\nAmtsgericht Berlin-Charlottenburg HRB 110638 B<br \/>\nGesch\u00e4ftsf\u00fchrer: Dr. Thomas Hopfe<\/p>\n<p>Steuer-Nr. 30\/164\/30001<br \/>\nUSt.-IdNr. DE 258123505<br \/>\nBuchh\u00e4ndlerische Verkehrsnr. 11842<\/p>\n<h4>Bildnachweis<\/h4>\n<p>Titelbild und Cover: \u00a9AdobeStock BRAD<br \/>\nHintergrundbild Canmore: \u00a9Pexels: Mali Maeder<br \/>\nBilder Kipppunkte: \u00a9Pexels: Pixabay, Simon Berger, Welton Souza, Marcin, Aaron Ulsh, Francesco Ungaro, Tom Fisk, Kristina Gain<\/p>\n<p>Die Autorenportraits wurden von den Autoren zur Verf\u00fcgung gestellt.<\/p>\n<h4>Konzeption und Realisierung Website<\/h4>\n<p>Anne V\u00f6lkel<br \/>\nDipl.-Designerin<br \/>\n<a href=\"https:\/\/www.avoelkel.de\/\" target=\"_blank\" rel=\"noopener\">www.avoelkel.de<\/a><\/p>\n<h4>Allgemeine Gesch\u00e4ftsbedingungen<\/h4>\n<p>Unsere AGB k\u00f6nnen <a href=\"https:\/\/www.mwv-landingpages.de\/agb\/\" target=\"_blank\" rel=\"noopener\">hier<\/a> angesehen werden.<\/p>\n<h4>Hinweise<\/h4>\n<p>Alle Inhalte der Website wurden sorgf\u00e4ltig gepr\u00fcft und werden laufend aktualisiert. Eine Garantie f\u00fcr Vollst\u00e4ndigkeit, Richtigkeit und letzte Aktualit\u00e4t kann nicht \u00fcbernommen werden.<\/p>\n<p>Struktur und Inhalt der Web-Site des Verlages sind urheberrechtlich gesch\u00fctzt. Die Vervielf\u00e4ltigung von Informationen oder Daten, insbesondere die Verwendung von Texten, Textteilen oder Bildmaterial bedarf der vorherigen Zustimmung des Verlages.<\/p>\n<p>Preis- und Ausstattungs\u00e4nderungen bleiben vorbehalten. Aufgrund der unterschiedlichen Mehrwertsteuers\u00e4tze in Deutschland und \u00d6sterreich entstehen unterschiedliche Verkaufspreise bei B\u00fcchern aus Deutschland und \u00d6sterreich. Die genannten Preise verstehen sich inkl. der gesetzlichen Mehrwertsteuer.<\/p>\n<p>Wir haben keinen Einfluss auf die Inhalte verlinkter Seiten, hierf\u00fcr ist der jeweilige Dienstanbieter verantwortlich. Sollten rechtswidrige Seiten \u00fcber die Hyperlinks abrufbar sein, bitten wir um eine Mitteilung. Wir werden dies \u00fcberpr\u00fcfen und die Links dann ggf. entfernen.<\/p>\n<p>Beschwerdeverfahren via Online-Streitbeilegung f\u00fcr Verbraucher (OS): <a href=\"http:\/\/ec.europa.eu\/consumers\/odr\/\">http:\/\/ec.europa.eu\/consumers\/odr\/<\/a>.\u00a0Wir sind nicht bereit und nicht verpflichtet an einem Streitbeilegungsverfahren vor einer Verbraucherschlichtungsstelle teilzunehmen.<\/p>\n<\/div>\n<\/div><\/section><\/div>\n<\/div><\/div><\/div><!-- close content main div --><\/div><\/div>\n<style type=\"text\/css\" data-created_by=\"avia_inline_auto\" id=\"style-css-av-6yrl4c-b00585fe8ca82f4117b91a32ab073641\">\n.avia-section.av-6yrl4c-b00585fe8ca82f4117b91a32ab073641{\nbackground-color:#6e6e6e;\nbackground-image:unset;\nmargin-top:0px;\nmargin-bottom:0px;\n}\n<\/style>\n<div id='pseudofooter'  class='avia-section av-6yrl4c-b00585fe8ca82f4117b91a32ab073641 main_color avia-section-default avia-no-border-styling  avia-builder-el-5  el_after_av_four_fifth  avia-builder-el-last  avia-bg-style-scroll container_wrap sidebar_right'  ><div class='container av-section-cont-open' ><div class='template-page content  av-content-small alpha units'><div class='post-entry post-entry-type-page post-entry-1084'><div class='entry-content-wrapper clearfix'>\n\n<\/div><\/div><\/div><!-- close content main div --><\/div><\/div><div id='after_section_1'  class='main_color av_default_container_wrap container_wrap sidebar_right'  ><div class='container av-section-cont-open' ><div class='template-page content  av-content-small alpha units'><div class='post-entry post-entry-type-page post-entry-1084'><div class='entry-content-wrapper clearfix'>\n","protected":false},"excerpt":{"rendered":"","protected":false},"author":3,"featured_media":0,"parent":0,"menu_order":0,"comment_status":"closed","ping_status":"closed","template":"","meta":{"inline_featured_image":false,"footnotes":""},"class_list":["post-1084","page","type-page","status-publish","hentry"],"aioseo_notices":[],"_links":{"self":[{"href":"https:\/\/www.mwv-landingpages.de\/planetary-health\/wp-json\/wp\/v2\/pages\/1084","targetHints":{"allow":["GET"]}}],"collection":[{"href":"https:\/\/www.mwv-landingpages.de\/planetary-health\/wp-json\/wp\/v2\/pages"}],"about":[{"href":"https:\/\/www.mwv-landingpages.de\/planetary-health\/wp-json\/wp\/v2\/types\/page"}],"author":[{"embeddable":true,"href":"https:\/\/www.mwv-landingpages.de\/planetary-health\/wp-json\/wp\/v2\/users\/3"}],"replies":[{"embeddable":true,"href":"https:\/\/www.mwv-landingpages.de\/planetary-health\/wp-json\/wp\/v2\/comments?post=1084"}],"version-history":[{"count":5,"href":"https:\/\/www.mwv-landingpages.de\/planetary-health\/wp-json\/wp\/v2\/pages\/1084\/revisions"}],"predecessor-version":[{"id":1415,"href":"https:\/\/www.mwv-landingpages.de\/planetary-health\/wp-json\/wp\/v2\/pages\/1084\/revisions\/1415"}],"wp:attachment":[{"href":"https:\/\/www.mwv-landingpages.de\/planetary-health\/wp-json\/wp\/v2\/media?parent=1084"}],"curies":[{"name":"wp","href":"https:\/\/api.w.org\/{rel}","templated":true}]}}