{"id":57,"date":"2022-11-29T12:39:51","date_gmt":"2022-11-29T11:39:51","guid":{"rendered":"https:\/\/www.mwv-landingpages.de\/jetzt-oder-nie-nachhaltigkeit-im-gesundheitswesen\/?page_id=57"},"modified":"2022-12-06T13:59:27","modified_gmt":"2022-12-06T12:59:27","slug":"impressum","status":"publish","type":"page","link":"https:\/\/www.mwv-landingpages.de\/jetzt-oder-nie-nachhaltigkeit-im-gesundheitswesen\/impressum\/","title":{"rendered":"Impressum"},"content":{"rendered":"<div  class='flex_column av-2pnmp-1fc7779102de8b221eab4788bdb114c7 av_one_full  avia-builder-el-0  el_before_av_one_fifth  avia-builder-el-first  first flex_column_div  '     ><section  class='av_textblock_section av-1xwsd-d2c1515957cf031e2a96d56625e85cda '   itemscope=\"itemscope\" itemtype=\"https:\/\/schema.org\/CreativeWork\" ><div class='avia_textblock'  itemprop=\"text\" ><h1 style=\"text-align: left;\">Impressum<\/h1>\n<\/div><\/section><\/div>\n<div  class='flex_column av-1de7h-bf2da0040916560e07354119bcd48763 av_one_fifth  avia-builder-el-2  el_after_av_one_full  el_before_av_four_fifth  first flex_column_div  column-top-margin'     ><\/div>\n<div  class='flex_column av-16rs5-e0b83181971e4a432b5a01b177808ae3 av_four_fifth  avia-builder-el-3  el_after_av_one_fifth  avia-builder-el-last  flex_column_div  column-top-margin'     ><section  class='av_textblock_section av-lb260fhu-07ed1e1e23eaa10cdd7c01547f6aab46 '   itemscope=\"itemscope\" itemtype=\"https:\/\/schema.org\/CreativeWork\" ><div class='avia_textblock'  itemprop=\"text\" ><h4>Copyright<\/h4>\n<p>MWV Medizinisch Wissenschaftliche Verlagsgesellschaft mbH &amp; Co. KG<\/p>\n<h4>Inhaltlich verantwortlich<\/h4>\n<p>Dr. Thomas Hopfe<br \/>\nVerleger und gesch\u00e4ftsf\u00fchrender Gesellschafter<\/p>\n<p>MWV Medizinisch Wissenschaftliche Verlagsgesellschaft mbH &amp; Co. KG<br \/>\nUnterbaumstr. 4<br \/>\n10117 Berlin<\/p>\n<p>Tel. +49 (0)30 \/ 20642825<br \/>\nFax +49 (0)30 \/ 20642828<\/p>\n<p><a href=\"mailto:info@mwv-berlin.de\">info@mwv-berlin.de<\/a><br \/>\n<a href=\"http:\/\/www.mwv-berlin.de\" target=\"_blank\" rel=\"noopener\">www.mwv-berlin.de<\/a><\/p>\n<p>Amtsgericht Charlottenburg HRA\u00a0 40712 B<br \/>\nPers\u00f6nlich haftende Gesellschafterin: MWV Verwaltungs GmbH<br \/>\nAmtsgericht Berlin-Charlottenburg HRB 110638 B<br \/>\nGesch\u00e4ftsf\u00fchrer: Dr. Thomas Hopfe<\/p>\n<p>Steuer-Nr. 30\/164\/30001<br \/>\nUSt.-IdNr. DE 258123505<br \/>\nBuchh\u00e4ndlerische Verkehrsnr. 11842<\/p>\n<h4>Bildnachweis<\/h4>\n<p>Titelbild und Cover:<br \/>\nistockphoto.com: \u00a9 enot-poloskun<\/p>\n<p>Die Autorenportraits wurden von den Autoren zur Verf\u00fcgung gestellt.<br \/>\nEckart von Hirschhausen: \u00a9 Dominik Butzmann<br \/>\nKerstin Blum und Eckart von Hirschhausen: \u00a9 Juergen Schulzki<br \/>\nMichael Braungart: \u00a9 Raphael Gabauer<br \/>\nWolfgang K. Hoever: \u00a9 Lammertz<br \/>\nHagen Pfundner: \u00a9 Oliver Hochstrasser<br \/>\nPaul Pichler: \u00a9 Klemens Karkow<br \/>\nFriederike Kre\u00dfler, Tim R\u00f6diger, J\u00fcrgen Graalmann: \u00a9 Patricia Haas<br \/>\nG\u00fcnther Bachmann: \u00a9 Noel Tovia Matoff<br \/>\nYvonne Zwick: \u00a9 Die Hoffotografen GmbH<br \/>\nJannis Michael:\u00a9 Birgit Formann<br \/>\nGottfried Ludewig: \u00a9 Tobias Koch<br \/>\nChristine Vogler, Klaus Reinhardt, Andrea Galle, Christoph Straub: \u00a9 Katja Hentschel<\/p>\n<h4>Konzeption und Realisierung Website<\/h4>\n<p>Anne V\u00f6lkel<br \/>\nDipl.-Designerin<br \/>\n<a href=\"https:\/\/www.avoelkel.de\/\" target=\"_blank\" rel=\"noopener\">www.avoelkel.de<\/a><\/p>\n<h4>Allgemeine Gesch\u00e4ftsbedingungen<\/h4>\n<p>Unsere AGB k\u00f6nnen <a href=\"https:\/\/www.mwv-berlin.de\/agb\/\" target=\"_blank\" rel=\"noopener\">hier<\/a> angesehen werden.<\/p>\n<h4>Hinweise<\/h4>\n<p>Alle Inhalte der Website wurden sorgf\u00e4ltig gepr\u00fcft und werden laufend aktualisiert. Eine Garantie f\u00fcr Vollst\u00e4ndigkeit, Richtigkeit und letzte Aktualit\u00e4t kann nicht \u00fcbernommen werden.<\/p>\n<p>Struktur und Inhalt der Web-Site des Verlages sind urheberrechtlich gesch\u00fctzt. Die Vervielf\u00e4ltigung von Informationen oder Daten, insbesondere die Verwendung von Texten, Textteilen oder Bildmaterial bedarf der vorherigen Zustimmung des Verlages.<\/p>\n<p>Preis- und Ausstattungs\u00e4nderungen bleiben vorbehalten. Aufgrund der unterschiedlichen Mehrwertsteuers\u00e4tze in Deutschland und \u00d6sterreich entstehen unterschiedliche Verkaufspreise bei B\u00fcchern aus Deutschland und \u00d6sterreich. Die genannten Preise verstehen sich inkl. der gesetzlichen Mehrwertsteuer.<\/p>\n<p>Wir haben keinen Einfluss auf die Inhalte verlinkter Seiten, hierf\u00fcr ist der jeweilige Dienstanbieter verantwortlich. Sollten rechtswidrige Seiten \u00fcber die Hyperlinks abrufbar sein, bitten wir um eine Mitteilung. Wir werden dies \u00fcberpr\u00fcfen und die Links dann ggf. entfernen.<\/p>\n<p>Beschwerdeverfahren via Online-Streitbeilegung f\u00fcr Verbraucher (OS): <a href=\"http:\/\/ec.europa.eu\/consumers\/odr\/\">http:\/\/ec.europa.eu\/consumers\/odr\/<\/a>.\u00a0Wir sind nicht bereit und nicht verpflichtet an einem Streitbeilegungsverfahren vor einer Verbraucherschlichtungsstelle teilzunehmen.<\/p>\n<\/div><\/section><\/div>\n","protected":false},"excerpt":{"rendered":"","protected":false},"author":3,"featured_media":0,"parent":0,"menu_order":0,"comment_status":"closed","ping_status":"closed","template":"","meta":{"inline_featured_image":false,"footnotes":""},"class_list":["post-57","page","type-page","status-publish","hentry"],"aioseo_notices":[],"_links":{"self":[{"href":"https:\/\/www.mwv-landingpages.de\/jetzt-oder-nie-nachhaltigkeit-im-gesundheitswesen\/wp-json\/wp\/v2\/pages\/57","targetHints":{"allow":["GET"]}}],"collection":[{"href":"https:\/\/www.mwv-landingpages.de\/jetzt-oder-nie-nachhaltigkeit-im-gesundheitswesen\/wp-json\/wp\/v2\/pages"}],"about":[{"href":"https:\/\/www.mwv-landingpages.de\/jetzt-oder-nie-nachhaltigkeit-im-gesundheitswesen\/wp-json\/wp\/v2\/types\/page"}],"author":[{"embeddable":true,"href":"https:\/\/www.mwv-landingpages.de\/jetzt-oder-nie-nachhaltigkeit-im-gesundheitswesen\/wp-json\/wp\/v2\/users\/3"}],"replies":[{"embeddable":true,"href":"https:\/\/www.mwv-landingpages.de\/jetzt-oder-nie-nachhaltigkeit-im-gesundheitswesen\/wp-json\/wp\/v2\/comments?post=57"}],"version-history":[{"count":4,"href":"https:\/\/www.mwv-landingpages.de\/jetzt-oder-nie-nachhaltigkeit-im-gesundheitswesen\/wp-json\/wp\/v2\/pages\/57\/revisions"}],"predecessor-version":[{"id":556,"href":"https:\/\/www.mwv-landingpages.de\/jetzt-oder-nie-nachhaltigkeit-im-gesundheitswesen\/wp-json\/wp\/v2\/pages\/57\/revisions\/556"}],"wp:attachment":[{"href":"https:\/\/www.mwv-landingpages.de\/jetzt-oder-nie-nachhaltigkeit-im-gesundheitswesen\/wp-json\/wp\/v2\/media?parent=57"}],"curies":[{"name":"wp","href":"https:\/\/api.w.org\/{rel}","templated":true}]}}