{"id":25,"date":"2023-04-12T16:21:28","date_gmt":"2023-04-12T14:21:28","guid":{"rendered":"https:\/\/www.mwv-landingpages.de\/martin-handbuch-iqm\/?page_id=25"},"modified":"2023-04-12T16:21:28","modified_gmt":"2023-04-12T14:21:28","slug":"impressum","status":"publish","type":"page","link":"https:\/\/www.mwv-landingpages.de\/handbuch-iqm\/impressum\/","title":{"rendered":"Impressum"},"content":{"rendered":"<div  class='flex_column av-2btrh-776188c36b448f297771bdc56de4c5b5 av_one_full  avia-builder-el-0  el_before_av_one_fifth  avia-builder-el-first  first flex_column_div  '     ><section  class='av_textblock_section av-lgdrhkds-bcfc0080d7377e6d0b802c75794f88b3 '   itemscope=\"itemscope\" itemtype=\"https:\/\/schema.org\/CreativeWork\" ><div class='avia_textblock'  itemprop=\"text\" ><h1 class=\"blue\">Impressum<\/h1>\n<\/div><\/section><\/div><div  class='flex_column av-1nty9-42d2e9f01e3aed24fb5e48f44fb9ae1f av_one_fifth  avia-builder-el-2  el_after_av_one_full  el_before_av_four_fifth  first flex_column_div  column-top-margin'     ><\/div><\/p>\n<div  class='flex_column av-p81h-6ed7c81ee707124dd551eceac7c5cf9c av_four_fifth  avia-builder-el-3  el_after_av_one_fifth  avia-builder-el-last  flex_column_div  column-top-margin'     ><section  class='av_textblock_section av-lgdrro7j-4514b2cb55eb9f6fcb2507607f722582 '   itemscope=\"itemscope\" itemtype=\"https:\/\/schema.org\/CreativeWork\" ><div class='avia_textblock'  itemprop=\"text\" ><h4>Copyright<\/h4>\n<p>MWV Medizinisch Wissenschaftliche Verlagsgesellschaft mbH &amp; Co. KG<\/p>\n<h4>Inhaltlich verantwortlich<\/h4>\n<p>Dr. Thomas Hopfe<br \/>\nVerleger und gesch\u00e4ftsf\u00fchrender Gesellschafter<\/p>\n<p>MWV Medizinisch Wissenschaftliche Verlagsgesellschaft mbH &amp; Co. KG<br \/>\nUnterbaumstr. 4<br \/>\n10117 Berlin<\/p>\n<p>Tel. +49 (0)30 \/ 20642825<br \/>\nFax +49 (0)30 \/ 20642828<\/p>\n<p><a href=\"mailto:info@mwv-berlin.de\">info@mwv-berlin.de<\/a><br \/>\n<a href=\"http:\/\/www.mwv-berlin.de\" target=\"_blank\" rel=\"noopener\">www.mwv-berlin.de<\/a><\/p>\n<p>Amtsgericht Charlottenburg HRA\u00a0 40712 B<br \/>\nPers\u00f6nlich haftende Gesellschafterin: MWV Verwaltungs GmbH<br \/>\nAmtsgericht Berlin-Charlottenburg HRB 110638 B<br \/>\nGesch\u00e4ftsf\u00fchrer: Dr. Thomas Hopfe<\/p>\n<p>Steuer-Nr. 30\/164\/30001<br \/>\nUSt.-IdNr. DE 258123505<br \/>\nBuchh\u00e4ndlerische Verkehrsnr. 11842<\/p>\n<h4>Bildnachweis<\/h4>\n<h4>Konzeption und Realisierung Website<\/h4>\n<p>Anne V\u00f6lkel<br \/>\nDipl.-Designerin<br \/>\n<a href=\"https:\/\/www.avoelkel.de\/\" target=\"_blank\" rel=\"noopener\">www.avoelkel.de<\/a><\/p>\n<h4>Allgemeine Gesch\u00e4ftsbedingungen<\/h4>\n<p>Unsere AGB k\u00f6nnen <a href=\"https:\/\/www.mwv-berlin.de\/agb\/\" target=\"_blank\" rel=\"noopener\">hier<\/a> angesehen werden.<\/p>\n<h4>Hinweise<\/h4>\n<p>Alle Inhalte der Website wurden sorgf\u00e4ltig gepr\u00fcft und werden laufend aktualisiert. Eine Garantie f\u00fcr Vollst\u00e4ndigkeit, Richtigkeit und letzte Aktualit\u00e4t kann nicht \u00fcbernommen werden.<\/p>\n<p>Struktur und Inhalt der Web-Site des Verlages sind urheberrechtlich gesch\u00fctzt. Die Vervielf\u00e4ltigung von Informationen oder Daten, insbesondere die Verwendung von Texten, Textteilen oder Bildmaterial bedarf der vorherigen Zustimmung des Verlages.<\/p>\n<p>Preis- und Ausstattungs\u00e4nderungen bleiben vorbehalten. Aufgrund der unterschiedlichen Mehrwertsteuers\u00e4tze in Deutschland und \u00d6sterreich entstehen unterschiedliche Verkaufspreise bei B\u00fcchern aus Deutschland und \u00d6sterreich. Die genannten Preise verstehen sich inkl. der gesetzlichen Mehrwertsteuer.<\/p>\n<p>Wir haben keinen Einfluss auf die Inhalte verlinkter Seiten, hierf\u00fcr ist der jeweilige Dienstanbieter verantwortlich. Sollten rechtswidrige Seiten \u00fcber die Hyperlinks abrufbar sein, bitten wir um eine Mitteilung. Wir werden dies \u00fcberpr\u00fcfen und die Links dann ggf. entfernen.<\/p>\n<p>Beschwerdeverfahren via Online-Streitbeilegung f\u00fcr Verbraucher (OS): <a href=\"http:\/\/ec.europa.eu\/consumers\/odr\/\">http:\/\/ec.europa.eu\/consumers\/odr\/<\/a>.\u00a0Wir sind nicht bereit und nicht verpflichtet an einem Streitbeilegungsverfahren vor einer Verbraucherschlichtungsstelle teilzunehmen.<\/p>\n<\/div><\/section><\/div>\n","protected":false},"excerpt":{"rendered":"","protected":false},"author":3,"featured_media":0,"parent":0,"menu_order":0,"comment_status":"closed","ping_status":"closed","template":"","meta":{"inline_featured_image":false,"footnotes":""},"class_list":["post-25","page","type-page","status-publish","hentry"],"aioseo_notices":[],"_links":{"self":[{"href":"https:\/\/www.mwv-landingpages.de\/handbuch-iqm\/wp-json\/wp\/v2\/pages\/25","targetHints":{"allow":["GET"]}}],"collection":[{"href":"https:\/\/www.mwv-landingpages.de\/handbuch-iqm\/wp-json\/wp\/v2\/pages"}],"about":[{"href":"https:\/\/www.mwv-landingpages.de\/handbuch-iqm\/wp-json\/wp\/v2\/types\/page"}],"author":[{"embeddable":true,"href":"https:\/\/www.mwv-landingpages.de\/handbuch-iqm\/wp-json\/wp\/v2\/users\/3"}],"replies":[{"embeddable":true,"href":"https:\/\/www.mwv-landingpages.de\/handbuch-iqm\/wp-json\/wp\/v2\/comments?post=25"}],"version-history":[{"count":2,"href":"https:\/\/www.mwv-landingpages.de\/handbuch-iqm\/wp-json\/wp\/v2\/pages\/25\/revisions"}],"predecessor-version":[{"id":27,"href":"https:\/\/www.mwv-landingpages.de\/handbuch-iqm\/wp-json\/wp\/v2\/pages\/25\/revisions\/27"}],"wp:attachment":[{"href":"https:\/\/www.mwv-landingpages.de\/handbuch-iqm\/wp-json\/wp\/v2\/media?parent=25"}],"curies":[{"name":"wp","href":"https:\/\/api.w.org\/{rel}","templated":true}]}}