{"id":30,"date":"2023-11-23T14:45:53","date_gmt":"2023-11-23T13:45:53","guid":{"rendered":"https:\/\/www.mwv-landingpages.de\/bkk-gesundheitsreport-2023\/?page_id=30"},"modified":"2025-11-25T16:36:00","modified_gmt":"2025-11-25T15:36:00","slug":"impressum","status":"publish","type":"page","link":"https:\/\/www.mwv-landingpages.de\/bkk-gesundheitsreport-2023\/impressum\/","title":{"rendered":"Impressum"},"content":{"rendered":"<div  class='flex_column av-3djpu-b81adb3b2d1850c9e695f5188a4ba6f0 av_one_full  avia-builder-el-0  el_before_av_one_fifth  avia-builder-el-first  first flex_column_div  '     ><section  class='av_textblock_section av-2kys6-5bb018d81860623045e3abab5df2426f '   itemscope=\"itemscope\" itemtype=\"https:\/\/schema.org\/CreativeWork\" ><div class='avia_textblock'  itemprop=\"text\" ><h1 style=\"text-align: left;\">Impressum<\/h1>\n<\/div><\/section><\/div>\n<div  class='flex_column av-1zzay-98db38d857de50d7597df250723f5a10 av_one_fifth  avia-builder-el-2  el_after_av_one_full  el_before_av_four_fifth  first flex_column_div  column-top-margin'     ><\/div>\n<div  class='flex_column av-1muma-6b7f585641cb2a90dbd079af8dd56004 av_four_fifth  avia-builder-el-3  el_after_av_one_fifth  avia-builder-el-last  flex_column_div  column-top-margin'     ><section  class='av_textblock_section av-u046-2d541be520eb51b9578221623a19fa85 '   itemscope=\"itemscope\" itemtype=\"https:\/\/schema.org\/CreativeWork\" ><div class='avia_textblock'  itemprop=\"text\" ><h4>Copyright<\/h4>\n<p>MWV Medizinisch Wissenschaftliche Verlagsgesellschaft mbH &amp; Co. KG<\/p>\n<h4>Inhaltlich verantwortlich<\/h4>\n<p>Dr. Thomas Hopfe<br \/>\nVerleger und gesch\u00e4ftsf\u00fchrender Gesellschafter<\/p>\n<p>MWV Medizinisch Wissenschaftliche Verlagsgesellschaft mbH &amp; Co. KG<br \/>\nUnterbaumstr. 4<br \/>\n10117 Berlin<\/p>\n<p>Tel. +49 (0)30 \/ 20642825<br \/>\nFax +49 (0)30 \/ 20642828<\/p>\n<p><a href=\"mailto:info@mwv-berlin.de\">info@mwv-berlin.de<\/a><br \/>\n<a href=\"http:\/\/www.mwv-berlin.de\" target=\"_blank\" rel=\"noopener\">www.mwv-berlin.de<\/a><\/p>\n<p>Amtsgericht Charlottenburg HRA\u00a0 40712 B<br \/>\nPers\u00f6nlich haftende Gesellschafterin: MWV Verwaltungs GmbH<br \/>\nAmtsgericht Berlin-Charlottenburg HRB 110638 B<br \/>\nGesch\u00e4ftsf\u00fchrer: Dr. Thomas Hopfe<\/p>\n<p>Steuer-Nr. 30\/164\/30001<br \/>\nUSt.-IdNr. DE 258123505<br \/>\nBuchh\u00e4ndlerische Verkehrsnr. 11842<\/p>\n<h4>Bildnachweis<\/h4>\n<p>Titelbild und Cover: \u00a9AdobeStock: industrieblick<\/p>\n<p>Die Autorenportraits wurden von den Autoren zur Verf\u00fcgung gestellt.<br \/>\nAutorenfoto Franz Knieps: \u00a9Markus Altmann<\/p>\n<h4>Konzeption und Realisierung Website<\/h4>\n<p>Anne V\u00f6lkel<br \/>\nDipl.-Designerin<br \/>\n<a href=\"https:\/\/www.avoelkel.de\/\" target=\"_blank\" rel=\"noopener\">www.avoelkel.de<\/a><\/p>\n<h4>Allgemeine Gesch\u00e4ftsbedingungen<\/h4>\n<p>Unsere AGB k\u00f6nnen <a href=\"https:\/\/www.mwv-berlin.de\/agb\/\" target=\"_blank\" rel=\"noopener\">hier<\/a> angesehen werden.<\/p>\n<h4>Hinweise<\/h4>\n<p>Alle Inhalte der Website wurden sorgf\u00e4ltig gepr\u00fcft und werden laufend aktualisiert. Eine Garantie f\u00fcr Vollst\u00e4ndigkeit, Richtigkeit und letzte Aktualit\u00e4t kann nicht \u00fcbernommen werden.<\/p>\n<p>Struktur und Inhalt der Web-Site des Verlages sind urheberrechtlich gesch\u00fctzt. Die Vervielf\u00e4ltigung von Informationen oder Daten, insbesondere die Verwendung von Texten, Textteilen oder Bildmaterial bedarf der vorherigen Zustimmung des Verlages.<\/p>\n<p>Preis- und Ausstattungs\u00e4nderungen bleiben vorbehalten. Aufgrund der unterschiedlichen Mehrwertsteuers\u00e4tze in Deutschland und \u00d6sterreich entstehen unterschiedliche Verkaufspreise bei B\u00fcchern aus Deutschland und \u00d6sterreich. Die genannten Preise verstehen sich inkl. der gesetzlichen Mehrwertsteuer.<\/p>\n<p>Wir haben keinen Einfluss auf die Inhalte verlinkter Seiten, hierf\u00fcr ist der jeweilige Dienstanbieter verantwortlich. Sollten rechtswidrige Seiten \u00fcber die Hyperlinks abrufbar sein, bitten wir um eine Mitteilung. Wir werden dies \u00fcberpr\u00fcfen und die Links dann ggf. entfernen.<\/p>\n<p>Beschwerdeverfahren via Online-Streitbeilegung f\u00fcr Verbraucher (OS): <a href=\"http:\/\/ec.europa.eu\/consumers\/odr\/\">http:\/\/ec.europa.eu\/consumers\/odr\/<\/a>.\u00a0Wir sind nicht bereit und nicht verpflichtet an einem Streitbeilegungsverfahren vor einer Verbraucherschlichtungsstelle teilzunehmen.<\/p>\n<\/div><\/section><\/div>\n","protected":false},"excerpt":{"rendered":"","protected":false},"author":3,"featured_media":0,"parent":0,"menu_order":0,"comment_status":"closed","ping_status":"closed","template":"","meta":{"inline_featured_image":false,"footnotes":""},"class_list":["post-30","page","type-page","status-publish","hentry"],"aioseo_notices":[],"_links":{"self":[{"href":"https:\/\/www.mwv-landingpages.de\/bkk-gesundheitsreport-2023\/wp-json\/wp\/v2\/pages\/30","targetHints":{"allow":["GET"]}}],"collection":[{"href":"https:\/\/www.mwv-landingpages.de\/bkk-gesundheitsreport-2023\/wp-json\/wp\/v2\/pages"}],"about":[{"href":"https:\/\/www.mwv-landingpages.de\/bkk-gesundheitsreport-2023\/wp-json\/wp\/v2\/types\/page"}],"author":[{"embeddable":true,"href":"https:\/\/www.mwv-landingpages.de\/bkk-gesundheitsreport-2023\/wp-json\/wp\/v2\/users\/3"}],"replies":[{"embeddable":true,"href":"https:\/\/www.mwv-landingpages.de\/bkk-gesundheitsreport-2023\/wp-json\/wp\/v2\/comments?post=30"}],"version-history":[{"count":6,"href":"https:\/\/www.mwv-landingpages.de\/bkk-gesundheitsreport-2023\/wp-json\/wp\/v2\/pages\/30\/revisions"}],"predecessor-version":[{"id":592,"href":"https:\/\/www.mwv-landingpages.de\/bkk-gesundheitsreport-2023\/wp-json\/wp\/v2\/pages\/30\/revisions\/592"}],"wp:attachment":[{"href":"https:\/\/www.mwv-landingpages.de\/bkk-gesundheitsreport-2023\/wp-json\/wp\/v2\/media?parent=30"}],"curies":[{"name":"wp","href":"https:\/\/api.w.org\/{rel}","templated":true}]}}